{"id":139,"date":"2018-05-09T14:57:23","date_gmt":"2018-05-09T14:57:23","guid":{"rendered":"http:\/\/35.196.162.73\/?page_id=139"},"modified":"2019-11-18T07:52:42","modified_gmt":"2019-11-18T07:52:42","slug":"yayinlar","status":"publish","type":"page","link":"https:\/\/www.turkishregionalscience.org\/yayinlar\/","title":{"rendered":"Yay\u0131nlar"},"content":{"rendered":"\n<div style=\"display:grid;grid-template-columns:1fr 1fr 1fr;gap:20px;\">\n<a href=\"\/yayinlar\/kongre-kitaplari\/\" class=\"kongre-kitap-card\" style=\"text-decoration:none;\">\n<div class=\"kitap-icon\">\ud83d\udcda<\/div>\n<div class=\"kitap-title\">Kongre Kitaplar\u0131<\/div>\n<p style=\"font-size:13px;color:#666;margin-top:8px;\">Ulusal kongre bildiri kitaplar\u0131<\/p>\n<\/a>\n<a href=\"\/yayinlar\/uyelerimizin-yayinlari\/\" class=\"kongre-kitap-card\" style=\"text-decoration:none;\">\n<div class=\"kitap-icon\">\ud83d\udcd6<\/div>\n<div class=\"kitap-title\">\u00dcyelerimizin Yay\u0131nlar\u0131<\/div>\n<p style=\"font-size:13px;color:#666;margin-top:8px;\">Akademik kitap ve makaleler<\/p>\n<\/a>\n<a href=\"\/uyelerimizin-projeleri\/\" class=\"kongre-kitap-card\" style=\"text-decoration:none;\">\n<div class=\"kitap-icon\">\ud83d\udd2c<\/div>\n<div class=\"kitap-title\">\u00dcyelerimizin Projeleri<\/div>\n<p style=\"font-size:13px;color:#666;margin-top:8px;\">Ara\u015ft\u0131rma ve uygulama projeleri<\/p>\n<\/a>\n<\/div>\n","protected":false},"excerpt":{"rendered":"<p>\ud83d\udcda Kongre Kitaplar\u0131 Ulusal kongre bildiri kitaplar\u0131 \ud83d\udcd6 \u00dcyelerimizin Yay\u0131nlar\u0131 Akademik kitap ve makaleler \ud83d\udd2c \u00dcyelerimizin Projeleri Ara\u015ft\u0131rma ve uygulama projeleri<\/p>\n","protected":false},"author":1,"featured_media":0,"parent":0,"menu_order":0,"comment_status":"closed","ping_status":"closed","template":"","meta":{"footnotes":""},"class_list":["post-139","page","type-page","status-publish","hentry"],"_links":{"self":[{"href":"https:\/\/www.turkishregionalscience.org\/wp-json\/wp\/v2\/pages\/139","targetHints":{"allow":["GET"]}}],"collection":[{"href":"https:\/\/www.turkishregionalscience.org\/wp-json\/wp\/v2\/pages"}],"about":[{"href":"https:\/\/www.turkishregionalscience.org\/wp-json\/wp\/v2\/types\/page"}],"author":[{"embeddable":true,"href":"https:\/\/www.turkishregionalscience.org\/wp-json\/wp\/v2\/users\/1"}],"replies":[{"embeddable":true,"href":"https:\/\/www.turkishregionalscience.org\/wp-json\/wp\/v2\/comments?post=139"}],"version-history":[{"count":8,"href":"https:\/\/www.turkishregionalscience.org\/wp-json\/wp\/v2\/pages\/139\/revisions"}],"predecessor-version":[{"id":366,"href":"https:\/\/www.turkishregionalscience.org\/wp-json\/wp\/v2\/pages\/139\/revisions\/366"}],"wp:attachment":[{"href":"https:\/\/www.turkishregionalscience.org\/wp-json\/wp\/v2\/media?parent=139"}],"curies":[{"name":"wp","href":"https:\/\/api.w.org\/{rel}","templated":true}]}}